{"id":88,"date":"2021-05-07T08:55:14","date_gmt":"2021-05-07T06:55:14","guid":{"rendered":"http:\/\/lalonga.cluster030.hosting.ovh.net\/?page_id=88"},"modified":"2023-05-17T12:49:05","modified_gmt":"2023-05-17T10:49:05","slug":"permis-de-construire-pc","status":"publish","type":"page","link":"http:\/\/www.lalongueville.fr\/index.php\/votre-mairie\/urbanisme\/permis-de-construire-pc\/","title":{"rendered":"Permis de Construire (PC)"},"content":{"rendered":"\n<div style=\"height:50px\" aria-hidden=\"true\" class=\"wp-block-spacer\"><\/div>\n\n\n\n<h2 class=\"wp-block-heading has-text-align-center has-neve-link-color-color has-text-color\">Permis de Construire (PC)<\/h2>\n\n\n\n<div style=\"height:15px\" aria-hidden=\"true\" class=\"wp-block-spacer\"><\/div>\n\n\n\n<p style=\"font-size:clamp(14px, 0.875rem + ((1vw - 3.2px) * 0.392), 18px);\">Le permis de construire est une autorisation d&rsquo;urbanisme d\u00e9livr\u00e9e par la mairie de la commune o\u00f9 se situe votre projet. Cette autorisation est n\u00e9cessaire pour toute construction d\u2019habitation, agrandissement de plus de 40m\u00b2, construction d\u2019un carport, ou d\u2019une piscine dont la superficie du bassin est sup\u00e9rieur \u00e0 100m\u00b2.<\/p>\n\n\n\n<p style=\"font-size:clamp(14px, 0.875rem + ((1vw - 3.2px) * 0.392), 18px);\">Il peut \u00eatre obtenu via le lien suivant : <a href=\"https:\/\/www.service-public.fr\/particuliers\/vosdroits\/F1986\">https:\/\/www.service-public.fr\/particuliers\/vosdroits\/F1986<\/a><\/p>\n","protected":false},"excerpt":{"rendered":"<p>Permis de Construire (PC) Le permis de construire est une autorisation d&rsquo;urbanisme d\u00e9livr\u00e9e par la mairie de la commune o\u00f9 se situe votre projet. Cette autorisation est n\u00e9cessaire pour toute construction d\u2019habitation, agrandissement de plus de 40m\u00b2, construction d\u2019un carport, ou d\u2019une piscine dont la superficie du bassin est sup\u00e9rieur \u00e0 100m\u00b2. Il peut \u00eatre [&hellip;]<\/p>\n","protected":false},"author":2,"featured_media":0,"parent":82,"menu_order":0,"comment_status":"closed","ping_status":"closed","template":"","meta":{"_uag_custom_page_level_css":"","footnotes":""},"class_list":["post-88","page","type-page","status-publish","hentry"],"uagb_featured_image_src":{"full":false,"thumbnail":false,"medium":false,"medium_large":false,"large":false,"1536x1536":false,"2048x2048":false},"uagb_author_info":{"display_name":"Mairie","author_link":"http:\/\/www.lalongueville.fr\/index.php\/author\/numerique\/"},"uagb_comment_info":0,"uagb_excerpt":"Permis de Construire (PC) Le permis de construire est une autorisation d&rsquo;urbanisme d\u00e9livr\u00e9e par la mairie de la commune o\u00f9 se situe votre projet. Cette autorisation est n\u00e9cessaire pour toute construction d\u2019habitation, agrandissement de plus de 40m\u00b2, construction d\u2019un carport, ou d\u2019une piscine dont la superficie du bassin est sup\u00e9rieur \u00e0 100m\u00b2. Il peut \u00eatre\u2026","rttpg_featured_image_url":null,"rttpg_author":{"display_name":"Mairie","author_link":"http:\/\/www.lalongueville.fr\/index.php\/author\/numerique\/"},"rttpg_comment":0,"rttpg_category":null,"rttpg_excerpt":"Permis de Construire (PC) Le permis de construire est une autorisation d&rsquo;urbanisme d\u00e9livr\u00e9e par la mairie de la commune o\u00f9 se situe votre projet. Cette autorisation est n\u00e9cessaire pour toute construction d\u2019habitation, agrandissement de plus de 40m\u00b2, construction d\u2019un carport, ou d\u2019une piscine dont la superficie du bassin est sup\u00e9rieur \u00e0 100m\u00b2. Il peut \u00eatre\u2026","_links":{"self":[{"href":"http:\/\/www.lalongueville.fr\/index.php\/wp-json\/wp\/v2\/pages\/88","targetHints":{"allow":["GET"]}}],"collection":[{"href":"http:\/\/www.lalongueville.fr\/index.php\/wp-json\/wp\/v2\/pages"}],"about":[{"href":"http:\/\/www.lalongueville.fr\/index.php\/wp-json\/wp\/v2\/types\/page"}],"author":[{"embeddable":true,"href":"http:\/\/www.lalongueville.fr\/index.php\/wp-json\/wp\/v2\/users\/2"}],"replies":[{"embeddable":true,"href":"http:\/\/www.lalongueville.fr\/index.php\/wp-json\/wp\/v2\/comments?post=88"}],"version-history":[{"count":3,"href":"http:\/\/www.lalongueville.fr\/index.php\/wp-json\/wp\/v2\/pages\/88\/revisions"}],"predecessor-version":[{"id":2053,"href":"http:\/\/www.lalongueville.fr\/index.php\/wp-json\/wp\/v2\/pages\/88\/revisions\/2053"}],"up":[{"embeddable":true,"href":"http:\/\/www.lalongueville.fr\/index.php\/wp-json\/wp\/v2\/pages\/82"}],"wp:attachment":[{"href":"http:\/\/www.lalongueville.fr\/index.php\/wp-json\/wp\/v2\/media?parent=88"}],"curies":[{"name":"wp","href":"https:\/\/api.w.org\/{rel}","templated":true}]}}