{"id":707,"date":"2021-05-25T14:55:09","date_gmt":"2021-05-25T12:55:09","guid":{"rendered":"http:\/\/www.lalongueville.fr\/?page_id=707"},"modified":"2023-05-23T16:30:22","modified_gmt":"2023-05-23T14:30:22","slug":"carte-didentite","status":"publish","type":"page","link":"http:\/\/www.lalongueville.fr\/index.php\/demarches-administratives\/carte-didentite-et-passeport\/carte-didentite\/","title":{"rendered":"Carte d&rsquo;Identit\u00e9"},"content":{"rendered":"\n<div style=\"height:50px\" aria-hidden=\"true\" class=\"wp-block-spacer\"><\/div>\n\n\n\n<h2 class=\"wp-block-heading has-text-align-center\">Carte d&rsquo;indentit\u00e9<\/h2>\n\n\n\n<div style=\"height:15px\" aria-hidden=\"true\" class=\"wp-block-spacer\"><\/div>\n\n\n\n<p><strong>La Mairie de La Longueville n&rsquo;est plus habilit\u00e9e \u00e0 faire les d\u00e9marches pour la cr\u00e9ation, le renouvellement\u2026 des cartes d&rsquo;identit\u00e9 et vous invite donc \u00e0 consulter le site du gouvernement pour plus de renseignements : <\/strong><\/p>\n\n\n\n<p class=\"has-text-align-center\"><strong><a href=\"https:\/\/www.service-public.fr\/particuliers\/vosdroits\/N358\">https:\/\/www.service-public.fr\/particuliers\/vosdroits\/N358<\/a><\/strong><\/p>\n","protected":false},"excerpt":{"rendered":"<p>Carte d&rsquo;indentit\u00e9 La Mairie de La Longueville n&rsquo;est plus habilit\u00e9e \u00e0 faire les d\u00e9marches pour la cr\u00e9ation, le renouvellement\u2026 des cartes d&rsquo;identit\u00e9 et vous invite donc \u00e0 consulter le site du gouvernement pour plus de renseignements : https:\/\/www.service-public.fr\/particuliers\/vosdroits\/N358<\/p>\n","protected":false},"author":2,"featured_media":0,"parent":704,"menu_order":0,"comment_status":"closed","ping_status":"closed","template":"","meta":{"_uag_custom_page_level_css":"","footnotes":""},"class_list":["post-707","page","type-page","status-publish","hentry"],"uagb_featured_image_src":{"full":false,"thumbnail":false,"medium":false,"medium_large":false,"large":false,"1536x1536":false,"2048x2048":false},"uagb_author_info":{"display_name":"Mairie","author_link":"http:\/\/www.lalongueville.fr\/index.php\/author\/numerique\/"},"uagb_comment_info":0,"uagb_excerpt":"Carte d&rsquo;indentit\u00e9 La Mairie de La Longueville n&rsquo;est plus habilit\u00e9e \u00e0 faire les d\u00e9marches pour la cr\u00e9ation, le renouvellement\u2026 des cartes d&rsquo;identit\u00e9 et vous invite donc \u00e0 consulter le site du gouvernement pour plus de renseignements : https:\/\/www.service-public.fr\/particuliers\/vosdroits\/N358","rttpg_featured_image_url":null,"rttpg_author":{"display_name":"Mairie","author_link":"http:\/\/www.lalongueville.fr\/index.php\/author\/numerique\/"},"rttpg_comment":0,"rttpg_category":null,"rttpg_excerpt":"Carte d&rsquo;indentit\u00e9 La Mairie de La Longueville n&rsquo;est plus habilit\u00e9e \u00e0 faire les d\u00e9marches pour la cr\u00e9ation, le renouvellement\u2026 des cartes d&rsquo;identit\u00e9 et vous invite donc \u00e0 consulter le site du gouvernement pour plus de renseignements : https:\/\/www.service-public.fr\/particuliers\/vosdroits\/N358","_links":{"self":[{"href":"http:\/\/www.lalongueville.fr\/index.php\/wp-json\/wp\/v2\/pages\/707","targetHints":{"allow":["GET"]}}],"collection":[{"href":"http:\/\/www.lalongueville.fr\/index.php\/wp-json\/wp\/v2\/pages"}],"about":[{"href":"http:\/\/www.lalongueville.fr\/index.php\/wp-json\/wp\/v2\/types\/page"}],"author":[{"embeddable":true,"href":"http:\/\/www.lalongueville.fr\/index.php\/wp-json\/wp\/v2\/users\/2"}],"replies":[{"embeddable":true,"href":"http:\/\/www.lalongueville.fr\/index.php\/wp-json\/wp\/v2\/comments?post=707"}],"version-history":[{"count":5,"href":"http:\/\/www.lalongueville.fr\/index.php\/wp-json\/wp\/v2\/pages\/707\/revisions"}],"predecessor-version":[{"id":2017,"href":"http:\/\/www.lalongueville.fr\/index.php\/wp-json\/wp\/v2\/pages\/707\/revisions\/2017"}],"up":[{"embeddable":true,"href":"http:\/\/www.lalongueville.fr\/index.php\/wp-json\/wp\/v2\/pages\/704"}],"wp:attachment":[{"href":"http:\/\/www.lalongueville.fr\/index.php\/wp-json\/wp\/v2\/media?parent=707"}],"curies":[{"name":"wp","href":"https:\/\/api.w.org\/{rel}","templated":true}]}}