{"id":519,"date":"2021-05-12T15:39:19","date_gmt":"2021-05-12T13:39:19","guid":{"rendered":"http:\/\/lalonga.cluster030.hosting.ovh.net\/?page_id=519"},"modified":"2023-05-17T12:44:58","modified_gmt":"2023-05-17T10:44:58","slug":"travaux","status":"publish","type":"page","link":"http:\/\/www.lalongueville.fr\/index.php\/travaux\/","title":{"rendered":"Travaux"},"content":{"rendered":"\n<div style=\"height:50px\" aria-hidden=\"true\" class=\"wp-block-spacer\"><\/div>\n\n\n\n<h2 class=\"wp-block-heading has-text-align-center has-neve-link-color-color has-text-color\">Travaux r\u00e9alis\u00e9s<\/h2>\n\n\n\n<div style=\"height:15px\" aria-hidden=\"true\" class=\"wp-block-spacer\"><\/div>\n\n\n\n<p class=\"has-text-align-center\" style=\"font-size:clamp(14px, 0.875rem + ((1vw - 3.2px) * 0.392), 18px);\"><strong>Nouveaux quais de bus, Rue de Mons, financ\u00e9s par le SMTUS<\/strong><\/p>\n\n\n\n<figure class=\"wp-block-image aligncenter size-large\"><img fetchpriority=\"high\" decoding=\"async\" width=\"586\" height=\"578\" src=\"http:\/\/www.lalongueville.fr\/wp-content\/uploads\/2021\/06\/Capture-decran-2021-06-10-a-13.52.42.png\" alt=\"\" class=\"wp-image-768\" srcset=\"http:\/\/www.lalongueville.fr\/wp-content\/uploads\/2021\/06\/Capture-decran-2021-06-10-a-13.52.42.png 586w, http:\/\/www.lalongueville.fr\/wp-content\/uploads\/2021\/06\/Capture-decran-2021-06-10-a-13.52.42-300x296.png 300w\" sizes=\"(max-width: 586px) 100vw, 586px\" \/><\/figure>\n\n\n\n<div style=\"height:15px\" aria-hidden=\"true\" class=\"wp-block-spacer\"><\/div>\n","protected":false},"excerpt":{"rendered":"<p>Travaux r\u00e9alis\u00e9s Nouveaux quais de bus, Rue de Mons, financ\u00e9s par le SMTUS<\/p>\n","protected":false},"author":2,"featured_media":0,"parent":0,"menu_order":0,"comment_status":"closed","ping_status":"closed","template":"","meta":{"_uag_custom_page_level_css":"","footnotes":""},"class_list":["post-519","page","type-page","status-publish","hentry"],"uagb_featured_image_src":{"full":false,"thumbnail":false,"medium":false,"medium_large":false,"large":false,"1536x1536":false,"2048x2048":false},"uagb_author_info":{"display_name":"Mairie","author_link":"http:\/\/www.lalongueville.fr\/index.php\/author\/numerique\/"},"uagb_comment_info":0,"uagb_excerpt":"Travaux r\u00e9alis\u00e9s Nouveaux quais de bus, Rue de Mons, financ\u00e9s par le SMTUS","rttpg_featured_image_url":null,"rttpg_author":{"display_name":"Mairie","author_link":"http:\/\/www.lalongueville.fr\/index.php\/author\/numerique\/"},"rttpg_comment":0,"rttpg_category":null,"rttpg_excerpt":"Travaux r\u00e9alis\u00e9s Nouveaux quais de bus, Rue de Mons, financ\u00e9s par le SMTUS","_links":{"self":[{"href":"http:\/\/www.lalongueville.fr\/index.php\/wp-json\/wp\/v2\/pages\/519","targetHints":{"allow":["GET"]}}],"collection":[{"href":"http:\/\/www.lalongueville.fr\/index.php\/wp-json\/wp\/v2\/pages"}],"about":[{"href":"http:\/\/www.lalongueville.fr\/index.php\/wp-json\/wp\/v2\/types\/page"}],"author":[{"embeddable":true,"href":"http:\/\/www.lalongueville.fr\/index.php\/wp-json\/wp\/v2\/users\/2"}],"replies":[{"embeddable":true,"href":"http:\/\/www.lalongueville.fr\/index.php\/wp-json\/wp\/v2\/comments?post=519"}],"version-history":[{"count":6,"href":"http:\/\/www.lalongueville.fr\/index.php\/wp-json\/wp\/v2\/pages\/519\/revisions"}],"predecessor-version":[{"id":2047,"href":"http:\/\/www.lalongueville.fr\/index.php\/wp-json\/wp\/v2\/pages\/519\/revisions\/2047"}],"wp:attachment":[{"href":"http:\/\/www.lalongueville.fr\/index.php\/wp-json\/wp\/v2\/media?parent=519"}],"curies":[{"name":"wp","href":"https:\/\/api.w.org\/{rel}","templated":true}]}}