{"id":513,"date":"2021-05-12T15:38:06","date_gmt":"2021-05-12T13:38:06","guid":{"rendered":"http:\/\/lalonga.cluster030.hosting.ovh.net\/?page_id=513"},"modified":"2025-09-05T10:12:40","modified_gmt":"2025-09-05T08:12:40","slug":"exemplaire-numerises","status":"publish","type":"page","link":"http:\/\/www.lalongueville.fr\/index.php\/vie-de-la-commune\/journal-communal\/exemplaire-numerises\/","title":{"rendered":"Exemplaire Num\u00e9ris\u00e9s"},"content":{"rendered":"\n<div style=\"height:50px\" aria-hidden=\"true\" class=\"wp-block-spacer\"><\/div>\n\n\n\n<h2 class=\"wp-block-heading has-text-align-center has-neve-link-color-color has-text-color\">Exemplaires num\u00e9ris\u00e9s du journal communal<\/h2>\n\n\n\n<div style=\"height:15px\" aria-hidden=\"true\" class=\"wp-block-spacer\"><\/div>\n\n\n\n<p class=\"has-text-align-left\" style=\"font-size:clamp(14px, 0.875rem + ((1vw - 3.2px) * 0.392), 18px);\">Ci-dessous la liste des journaux communaux num\u00e9ris\u00e9s, visionnables gratuitement en ligne sous format Flip Book :<\/p>\n\n\n\n<ul style=\"font-size:clamp(14px, 0.875rem + ((1vw - 3.2px) * 0.392), 18px);\" class=\"wp-block-list\">\n<li>Journal n\u00b030 Juillet 2025 : Non disponible<\/li>\n\n\n\n<li>Journal n\u00b029  2025 : Non disponible<\/li>\n\n\n\n<li>Journal n\u00b028 Mai 2024 : Non disponible<\/li>\n\n\n\n<li>Journal n\u00b027 Mai 2024 : <a href=\"http:\/\/www.lalongueville.fr\/index.php\/2024\/07\/08\/journal-communal-n-27\/\" data-type=\"post\" data-id=\"2456\">Cliquez ici pour visionner le Journal n\u00b027<\/a><\/li>\n\n\n\n<li>Journal n\u00b024 Mai 2023 : <a href=\"http:\/\/www.lalongueville.fr\/index.php\/2023\/05\/10\/journal-communal-n24-mai-2023\/\" data-type=\"post\" data-id=\"1552\">Cliquez ici pour visionner le Journal n\u00b024<\/a><\/li>\n\n\n\n<li>Journal n\u00b023 Octobre 2022 : <a href=\"http:\/\/www.lalongueville.fr\/index.php\/3d-flip-book\/journal-n23-octobre-2022\/\">Cliquez ici pour visionner le Journal n\u00b023<\/a><\/li>\n\n\n\n<li>Journal n\u00b022 Avril 2022 : <a href=\"http:\/\/www.lalongueville.fr\/index.php\/3d-flip-book\/journal-n22-avril-2022\/\">Cliquez ici pour visionner le Journal n\u00b022<\/a><\/li>\n\n\n\n<li>Journal n\u00b021 Janvier 2022 : <a href=\"http:\/\/www.lalongueville.fr\/index.php\/3d-flip-book\/923\/\">Cliquez ici pour visionner le Journal n\u00b021<\/a><\/li>\n\n\n\n<li>Journal n\u00b020 Octobre 2021 : <a href=\"http:\/\/www.lalongueville.fr\/index.php\/3d-flip-book\/journal-20-octobre-2021\/\">Cliquez ici pour visionner le Journal n\u00b020<\/a><\/li>\n\n\n\n<li>Journal n\u00b019 Mai 2021 : &nbsp;<a href=\"http:\/\/www.lalongueville.fr\/index.php\/3d-flip-book\/journal-n19-mai-2021\/\">Cliquez ici pour visionner le Journal n\u00b019<\/a><\/li>\n\n\n\n<li>Journal n\u00b018 F\u00e9vrier 2021 : <a href=\"http:\/\/www.lalongueville.fr\/index.php\/3d-flip-book\/journal-n18-fevrier-2021\/\">Cliquez ici pour visionner le Journal n\u00b018<\/a><\/li>\n\n\n\n<li>Journal n\u00b017 Octobre 2020 : <a href=\"http:\/\/www.lalongueville.fr\/index.php\/3d-flip-book\/journal-n17-octobre-2020\/\">Cliquez ici pour visionner le Journal n\u00b017<\/a><\/li>\n<\/ul>\n\n\n\n<p><\/p>\n","protected":false},"excerpt":{"rendered":"<p>Exemplaires num\u00e9ris\u00e9s du journal communal Ci-dessous la liste des journaux communaux num\u00e9ris\u00e9s, visionnables gratuitement en ligne sous format Flip Book :<\/p>\n","protected":false},"author":2,"featured_media":0,"parent":511,"menu_order":0,"comment_status":"closed","ping_status":"closed","template":"","meta":{"_uag_custom_page_level_css":"","footnotes":""},"class_list":["post-513","page","type-page","status-publish","hentry"],"uagb_featured_image_src":{"full":false,"thumbnail":false,"medium":false,"medium_large":false,"large":false,"1536x1536":false,"2048x2048":false},"uagb_author_info":{"display_name":"Mairie","author_link":"http:\/\/www.lalongueville.fr\/index.php\/author\/numerique\/"},"uagb_comment_info":0,"uagb_excerpt":"Exemplaires num\u00e9ris\u00e9s du journal communal Ci-dessous la liste des journaux communaux num\u00e9ris\u00e9s, visionnables gratuitement en ligne sous format Flip Book :","rttpg_featured_image_url":null,"rttpg_author":{"display_name":"Mairie","author_link":"http:\/\/www.lalongueville.fr\/index.php\/author\/numerique\/"},"rttpg_comment":0,"rttpg_category":null,"rttpg_excerpt":"Exemplaires num\u00e9ris\u00e9s du journal communal Ci-dessous la liste des journaux communaux num\u00e9ris\u00e9s, visionnables gratuitement en ligne sous format Flip Book :","_links":{"self":[{"href":"http:\/\/www.lalongueville.fr\/index.php\/wp-json\/wp\/v2\/pages\/513","targetHints":{"allow":["GET"]}}],"collection":[{"href":"http:\/\/www.lalongueville.fr\/index.php\/wp-json\/wp\/v2\/pages"}],"about":[{"href":"http:\/\/www.lalongueville.fr\/index.php\/wp-json\/wp\/v2\/types\/page"}],"author":[{"embeddable":true,"href":"http:\/\/www.lalongueville.fr\/index.php\/wp-json\/wp\/v2\/users\/2"}],"replies":[{"embeddable":true,"href":"http:\/\/www.lalongueville.fr\/index.php\/wp-json\/wp\/v2\/comments?post=513"}],"version-history":[{"count":17,"href":"http:\/\/www.lalongueville.fr\/index.php\/wp-json\/wp\/v2\/pages\/513\/revisions"}],"predecessor-version":[{"id":2677,"href":"http:\/\/www.lalongueville.fr\/index.php\/wp-json\/wp\/v2\/pages\/513\/revisions\/2677"}],"up":[{"embeddable":true,"href":"http:\/\/www.lalongueville.fr\/index.php\/wp-json\/wp\/v2\/pages\/511"}],"wp:attachment":[{"href":"http:\/\/www.lalongueville.fr\/index.php\/wp-json\/wp\/v2\/media?parent=513"}],"curies":[{"name":"wp","href":"https:\/\/api.w.org\/{rel}","templated":true}]}}