{"id":463,"date":"2021-05-12T08:51:46","date_gmt":"2021-05-12T06:51:46","guid":{"rendered":"http:\/\/lalonga.cluster030.hosting.ovh.net\/?page_id=463"},"modified":"2023-05-22T13:52:45","modified_gmt":"2023-05-22T11:52:45","slug":"adresse-et-coordonnees","status":"publish","type":"page","link":"http:\/\/www.lalongueville.fr\/index.php\/sante-et-solidarite\/annuaire-sante\/adresse-et-coordonnees\/","title":{"rendered":"Adresse et Coordonn\u00e9es"},"content":{"rendered":"\n<div style=\"height:50px\" aria-hidden=\"true\" class=\"wp-block-spacer\"><\/div>\n\n\n\n<h2 class=\"wp-block-heading has-text-align-center has-neve-link-color-color has-text-color\">Adresse et coordonn\u00e9es<\/h2>\n\n\n\n<div style=\"height:15px\" aria-hidden=\"true\" class=\"wp-block-spacer\"><\/div>\n\n\n\n<figure class=\"wp-block-table aligncenter is-style-stripes\" style=\"font-size:clamp(14px, 0.875rem + ((1vw - 3.2px) * 0.392), 18px);\"><table class=\"has-background\" style=\"background-color:#e4ddca\"><tbody><tr><td><strong>APEI<\/strong><br>22 rue Maxime Qu\u00e9vy<\/td><td><strong>Foyer de vie Adultes Handicap\u00e9s<\/strong><br>T\u00e9l\u00e9phone : 03 27 53 70 50<br>Fax : 03 27 53 70 51<\/td><\/tr><tr><td><strong>FOYER D&rsquo;ACCUEIL MEDICALISE<br><\/strong>R\u00e9sidence Les ch\u00e2taigniers<\/td><td><strong>Foyer M\u00e9dicalis\u00e9 Adultes Handicap\u00e9s<\/strong><br>T\u00e9l\u00e9phone : 03 27 53 70 50<br>Fax : 03 27 53 70 51<\/td><\/tr><tr><td><strong>BRICQUET Cathy<br><\/strong>7 rue de Mons<\/td><td><strong>Di\u00e9t\u00e9ticienne<\/strong><br>T\u00e9l\u00e9phone : 03 27 66 00 48<br>T\u00e9l\u00e9phone : 06 72 82 83 59<br>Fax : Inconnu<\/td><\/tr><tr><td><strong>DUSSART Luc<br><\/strong>15 rue de Bavay<\/td><td><strong>M\u00e9decin G\u00e9n\u00e9raliste<\/strong><br>T\u00e9l\u00e9phone : 03 27 68 22 33<br>Fax : Inconnu<\/td><\/tr><tr><td><strong>CARLIER Patrick<br><\/strong>12 rue des Usines<\/td><td><strong>Masseur Kin\u00e9sith\u00e9rapeute \/ Ost\u00e9opathe<\/strong><br>T\u00e9l\u00e9phone : 03 27 66 07 30<br>T\u00e9l\u00e9phone : 06 86 55 42 87<br>Fax : Inconnu<\/td><\/tr><tr><td><strong>REGNIERS Nicolas<\/strong><br>12 rue des Usines<\/td><td><strong>Masseur Kin\u00e9sith\u00e9rapeute<\/strong><br>T\u00e9l\u00e9phone : 03 27 66 07 30<br>T\u00e9l\u00e9phone : 06 63 44 59 40<br>Fax : Inconnu<\/td><\/tr><tr><td><strong>RAUX Emmanuel<br><\/strong>12 rue des Usines<\/td><td><strong>Masseur Kin\u00e9sith\u00e9rapeute<\/strong><br>T\u00e9l\u00e9phone : 03 27 66 07 30<br>T\u00e9l\u00e9phone : 06 22 67 64 33<br>Fax : Inconnu<\/td><\/tr><tr><td><strong>MAYOLLE Sabine<br><\/strong>12 rue des Usines<\/td><td><strong>Masseur Kin\u00e9sith\u00e9rapeute<\/strong><br>T\u00e9l\u00e9phone : 03 27 66 07 30<br>Fax : Inconnu<\/td><\/tr><tr><td><strong>GABET Marie-H\u00e9l\u00e8ne<\/strong><br>12 rue des Usines<\/td><td><strong>Orthophoniste<\/strong><br>T\u00e9l\u00e9phone : 03 27 66 07 30<br>T\u00e9l\u00e9phone : 03 27 66 00 68<br>Fax : Inconnu <\/td><\/tr><tr><td><strong>Pharmacie de la Longueville<\/strong><br>4 Rue de Bavay<\/td><td><strong>Pharmacie<\/strong> <strong>Nicaise<\/strong><br>T\u00e9l\u00e9phone : 03 27 68 28 27<br>Fax : Inconnu<\/td><\/tr><\/tbody><\/table><\/figure>\n\n\n\n<div style=\"height:15px\" aria-hidden=\"true\" class=\"wp-block-spacer\"><\/div>\n","protected":false},"excerpt":{"rendered":"<p>Adresse et coordonn\u00e9es APEI22 rue Maxime Qu\u00e9vy Foyer de vie Adultes Handicap\u00e9sT\u00e9l\u00e9phone : 03 27 53 70 50Fax : 03 27 53 70 51 FOYER D&rsquo;ACCUEIL MEDICALISER\u00e9sidence Les ch\u00e2taigniers Foyer M\u00e9dicalis\u00e9 Adultes Handicap\u00e9sT\u00e9l\u00e9phone : 03 27 53 70 50Fax : 03 27 53 70 51 BRICQUET Cathy7 rue de Mons Di\u00e9t\u00e9ticienneT\u00e9l\u00e9phone : 03 27 66 [&hellip;]<\/p>\n","protected":false},"author":2,"featured_media":0,"parent":461,"menu_order":0,"comment_status":"closed","ping_status":"closed","template":"","meta":{"_uag_custom_page_level_css":"","footnotes":""},"class_list":["post-463","page","type-page","status-publish","hentry"],"uagb_featured_image_src":{"full":false,"thumbnail":false,"medium":false,"medium_large":false,"large":false,"1536x1536":false,"2048x2048":false},"uagb_author_info":{"display_name":"Mairie","author_link":"http:\/\/www.lalongueville.fr\/index.php\/author\/numerique\/"},"uagb_comment_info":0,"uagb_excerpt":"Adresse et coordonn\u00e9es APEI22 rue Maxime Qu\u00e9vy Foyer de vie Adultes Handicap\u00e9sT\u00e9l\u00e9phone : 03 27 53 70 50Fax : 03 27 53 70 51 FOYER D&rsquo;ACCUEIL MEDICALISER\u00e9sidence Les ch\u00e2taigniers Foyer M\u00e9dicalis\u00e9 Adultes Handicap\u00e9sT\u00e9l\u00e9phone : 03 27 53 70 50Fax : 03 27 53 70 51 BRICQUET Cathy7 rue de Mons Di\u00e9t\u00e9ticienneT\u00e9l\u00e9phone : 03 27 66\u2026","rttpg_featured_image_url":null,"rttpg_author":{"display_name":"Mairie","author_link":"http:\/\/www.lalongueville.fr\/index.php\/author\/numerique\/"},"rttpg_comment":0,"rttpg_category":null,"rttpg_excerpt":"Adresse et coordonn\u00e9es APEI22 rue Maxime Qu\u00e9vy Foyer de vie Adultes Handicap\u00e9sT\u00e9l\u00e9phone : 03 27 53 70 50Fax : 03 27 53 70 51 FOYER D&rsquo;ACCUEIL MEDICALISER\u00e9sidence Les ch\u00e2taigniers Foyer M\u00e9dicalis\u00e9 Adultes Handicap\u00e9sT\u00e9l\u00e9phone : 03 27 53 70 50Fax : 03 27 53 70 51 BRICQUET Cathy7 rue de Mons Di\u00e9t\u00e9ticienneT\u00e9l\u00e9phone : 03 27 66\u2026","_links":{"self":[{"href":"http:\/\/www.lalongueville.fr\/index.php\/wp-json\/wp\/v2\/pages\/463","targetHints":{"allow":["GET"]}}],"collection":[{"href":"http:\/\/www.lalongueville.fr\/index.php\/wp-json\/wp\/v2\/pages"}],"about":[{"href":"http:\/\/www.lalongueville.fr\/index.php\/wp-json\/wp\/v2\/types\/page"}],"author":[{"embeddable":true,"href":"http:\/\/www.lalongueville.fr\/index.php\/wp-json\/wp\/v2\/users\/2"}],"replies":[{"embeddable":true,"href":"http:\/\/www.lalongueville.fr\/index.php\/wp-json\/wp\/v2\/comments?post=463"}],"version-history":[{"count":8,"href":"http:\/\/www.lalongueville.fr\/index.php\/wp-json\/wp\/v2\/pages\/463\/revisions"}],"predecessor-version":[{"id":2133,"href":"http:\/\/www.lalongueville.fr\/index.php\/wp-json\/wp\/v2\/pages\/463\/revisions\/2133"}],"up":[{"embeddable":true,"href":"http:\/\/www.lalongueville.fr\/index.php\/wp-json\/wp\/v2\/pages\/461"}],"wp:attachment":[{"href":"http:\/\/www.lalongueville.fr\/index.php\/wp-json\/wp\/v2\/media?parent=463"}],"curies":[{"name":"wp","href":"https:\/\/api.w.org\/{rel}","templated":true}]}}