{"id":402,"date":"2021-05-11T14:37:57","date_gmt":"2021-05-11T12:37:57","guid":{"rendered":"http:\/\/lalonga.cluster030.hosting.ovh.net\/?page_id=402"},"modified":"2023-05-23T16:30:23","modified_gmt":"2023-05-23T14:30:23","slug":"informations","status":"publish","type":"page","link":"http:\/\/www.lalongueville.fr\/index.php\/demarches-administratives\/le-bus-bleu-france-service\/informations\/","title":{"rendered":"Informations Camion Bleu France Services"},"content":{"rendered":"\n<div style=\"height:50px\" aria-hidden=\"true\" class=\"wp-block-spacer\"><\/div>\n\n\n\n<h2 class=\"wp-block-heading has-text-align-center has-neve-link-color-color has-text-color\">Le Camion Bleu France Services<\/h2>\n\n\n\n<div style=\"height:15px\" aria-hidden=\"true\" class=\"wp-block-spacer\"><\/div>\n\n\n\n<p class=\"has-medium-font-size\">Tous les 3\u00e8me jeudi du mois, sur la place de 9h30 \u00e0 12h30 et de 13H30 \u00e0 16h. C\u2019est une aide aux d\u00e9marches administratives (CARSAT, CAF, CPAM, Finance publiques, P\u00f4le Emploi\u2026)<\/p>\n\n\n\n<p style=\"font-size:clamp(14px, 0.875rem + ((1vw - 3.2px) * 0.392), 18px);\">Le Camion Bleu France Services vient \u00e0 la rencontre des habitants de l&rsquo;Avesnois pour les orienter et les accompagner dans tous types de d\u00e9marches administratives du quotidien. Trois agents du D\u00e9partement sont \u00e0 disposition pour vous aider et vous accompagner pour toutes les formalit\u00e9s \u00e0 accomplir.<\/p>\n\n\n\n<p style=\"font-size:clamp(14px, 0.875rem + ((1vw - 3.2px) * 0.392), 18px);\">Pour avoir <strong>la prochaine date<\/strong> ainsi que une <strong>liste regroupant tout les services propos\u00e9s<\/strong>, nous vous invitons \u00e0 consulter le lien suivant : <br><a href=\"https:\/\/info.lenord.fr\/camion-bleu-la-longueville\/\">https:\/\/info.lenord.fr\/camion-bleu-la-longueville\/<\/a><\/p>\n\n\n\n<div class=\"wp-block-columns is-layout-flex wp-container-core-columns-is-layout-28f84493 wp-block-columns-is-layout-flex\">\n<div class=\"wp-block-column is-layout-flow wp-block-column-is-layout-flow\">\n<figure class=\"wp-block-image size-large\"><img fetchpriority=\"high\" decoding=\"async\" width=\"1024\" height=\"768\" src=\"http:\/\/lalonga.cluster030.hosting.ovh.net\/wp-content\/uploads\/2021\/05\/Bus-bleu-1-1024x768.jpg\" alt=\"\" class=\"wp-image-403\" srcset=\"http:\/\/www.lalongueville.fr\/wp-content\/uploads\/2021\/05\/Bus-bleu-1-1024x768.jpg 1024w, http:\/\/www.lalongueville.fr\/wp-content\/uploads\/2021\/05\/Bus-bleu-1-300x225.jpg 300w, http:\/\/www.lalongueville.fr\/wp-content\/uploads\/2021\/05\/Bus-bleu-1-768x576.jpg 768w, http:\/\/www.lalongueville.fr\/wp-content\/uploads\/2021\/05\/Bus-bleu-1-1536x1152.jpg 1536w, http:\/\/www.lalongueville.fr\/wp-content\/uploads\/2021\/05\/Bus-bleu-1-2048x1536.jpg 2048w\" sizes=\"(max-width: 1024px) 100vw, 1024px\" \/><\/figure>\n<\/div>\n\n\n\n<div class=\"wp-block-column is-layout-flow wp-block-column-is-layout-flow\">\n<figure class=\"wp-block-image size-large\"><img decoding=\"async\" width=\"1024\" height=\"768\" src=\"http:\/\/lalonga.cluster030.hosting.ovh.net\/wp-content\/uploads\/2021\/05\/bus-bleu-2-1024x768.jpg\" alt=\"\" class=\"wp-image-404\" srcset=\"http:\/\/www.lalongueville.fr\/wp-content\/uploads\/2021\/05\/bus-bleu-2-1024x768.jpg 1024w, http:\/\/www.lalongueville.fr\/wp-content\/uploads\/2021\/05\/bus-bleu-2-300x225.jpg 300w, http:\/\/www.lalongueville.fr\/wp-content\/uploads\/2021\/05\/bus-bleu-2-768x576.jpg 768w, http:\/\/www.lalongueville.fr\/wp-content\/uploads\/2021\/05\/bus-bleu-2-1536x1152.jpg 1536w, http:\/\/www.lalongueville.fr\/wp-content\/uploads\/2021\/05\/bus-bleu-2-2048x1536.jpg 2048w\" sizes=\"(max-width: 1024px) 100vw, 1024px\" \/><\/figure>\n<\/div>\n<\/div>\n","protected":false},"excerpt":{"rendered":"<p>Le Camion Bleu France Services Tous les 3\u00e8me jeudi du mois, sur la place de 9h30 \u00e0 12h30 et de 13H30 \u00e0 16h. C\u2019est une aide aux d\u00e9marches administratives (CARSAT, CAF, CPAM, Finance publiques, P\u00f4le Emploi\u2026) Le Camion Bleu France Services vient \u00e0 la rencontre des habitants de l&rsquo;Avesnois pour les orienter et les accompagner [&hellip;]<\/p>\n","protected":false},"author":2,"featured_media":0,"parent":399,"menu_order":0,"comment_status":"closed","ping_status":"closed","template":"","meta":{"_uag_custom_page_level_css":"","footnotes":""},"class_list":["post-402","page","type-page","status-publish","hentry"],"uagb_featured_image_src":{"full":false,"thumbnail":false,"medium":false,"medium_large":false,"large":false,"1536x1536":false,"2048x2048":false},"uagb_author_info":{"display_name":"Mairie","author_link":"http:\/\/www.lalongueville.fr\/index.php\/author\/numerique\/"},"uagb_comment_info":0,"uagb_excerpt":"Le Camion Bleu France Services Tous les 3\u00e8me jeudi du mois, sur la place de 9h30 \u00e0 12h30 et de 13H30 \u00e0 16h. C\u2019est une aide aux d\u00e9marches administratives (CARSAT, CAF, CPAM, Finance publiques, P\u00f4le Emploi\u2026) Le Camion Bleu France Services vient \u00e0 la rencontre des habitants de l&rsquo;Avesnois pour les orienter et les accompagner\u2026","rttpg_featured_image_url":null,"rttpg_author":{"display_name":"Mairie","author_link":"http:\/\/www.lalongueville.fr\/index.php\/author\/numerique\/"},"rttpg_comment":0,"rttpg_category":null,"rttpg_excerpt":"Le Camion Bleu France Services Tous les 3\u00e8me jeudi du mois, sur la place de 9h30 \u00e0 12h30 et de 13H30 \u00e0 16h. C\u2019est une aide aux d\u00e9marches administratives (CARSAT, CAF, CPAM, Finance publiques, P\u00f4le Emploi\u2026) Le Camion Bleu France Services vient \u00e0 la rencontre des habitants de l&rsquo;Avesnois pour les orienter et les accompagner\u2026","_links":{"self":[{"href":"http:\/\/www.lalongueville.fr\/index.php\/wp-json\/wp\/v2\/pages\/402","targetHints":{"allow":["GET"]}}],"collection":[{"href":"http:\/\/www.lalongueville.fr\/index.php\/wp-json\/wp\/v2\/pages"}],"about":[{"href":"http:\/\/www.lalongueville.fr\/index.php\/wp-json\/wp\/v2\/types\/page"}],"author":[{"embeddable":true,"href":"http:\/\/www.lalongueville.fr\/index.php\/wp-json\/wp\/v2\/users\/2"}],"replies":[{"embeddable":true,"href":"http:\/\/www.lalongueville.fr\/index.php\/wp-json\/wp\/v2\/comments?post=402"}],"version-history":[{"count":10,"href":"http:\/\/www.lalongueville.fr\/index.php\/wp-json\/wp\/v2\/pages\/402\/revisions"}],"predecessor-version":[{"id":2168,"href":"http:\/\/www.lalongueville.fr\/index.php\/wp-json\/wp\/v2\/pages\/402\/revisions\/2168"}],"up":[{"embeddable":true,"href":"http:\/\/www.lalongueville.fr\/index.php\/wp-json\/wp\/v2\/pages\/399"}],"wp:attachment":[{"href":"http:\/\/www.lalongueville.fr\/index.php\/wp-json\/wp\/v2\/media?parent=402"}],"curies":[{"name":"wp","href":"https:\/\/api.w.org\/{rel}","templated":true}]}}