{"id":296,"date":"2021-05-11T13:13:31","date_gmt":"2021-05-11T11:13:31","guid":{"rendered":"http:\/\/lalonga.cluster030.hosting.ovh.net\/?page_id=296"},"modified":"2025-02-27T11:24:41","modified_gmt":"2025-02-27T10:24:41","slug":"laccueil-periscolaire","status":"publish","type":"page","link":"http:\/\/www.lalongueville.fr\/index.php\/education-et-jeunesse\/laccueil-periscolaire\/","title":{"rendered":"L\u2019Accueil P\u00e9riscolaire"},"content":{"rendered":"\n<div style=\"height:15px\" aria-hidden=\"true\" class=\"wp-block-spacer\"><\/div>\n\n\n\n<h2 class=\"wp-block-heading has-text-align-center has-neve-link-color-color has-text-color\">Accueil P\u00e9riscolaire<\/h2>\n\n\n\n<div style=\"height:15px\" aria-hidden=\"true\" class=\"wp-block-spacer\"><\/div>\n\n\n\n<p style=\"font-size:clamp(14px, 0.875rem + ((1vw - 3.2px) * 0.392), 18px);\">Pour obtenir plus d&rsquo;informations sur l&rsquo;accueil p\u00e9riscolaire, nous vous invitons \u00e0 prendre contact avec la maire :<\/p>\n\n\n\n<p style=\"font-size:clamp(14px, 0.875rem + ((1vw - 3.2px) * 0.392), 18px);\"><strong>Mail :<\/strong> mairie.lalongueville@wanadoo.fr<\/p>\n\n\n\n<p style=\"font-size:clamp(14px, 0.875rem + ((1vw - 3.2px) * 0.392), 18px);\"><strong>T\u00e9l\u00e9phone :<\/strong> 03 27 68 10 14<\/p>\n\n\n\n<div style=\"height:15px\" aria-hidden=\"true\" class=\"wp-block-spacer\"><\/div>\n\n\n\n<h3 class=\"wp-block-heading has-text-align-center has-neve-link-color-color has-text-color\">Tarifs et Horaires<\/h3>\n\n\n\n<ul class=\"wp-block-list\">\n<li style=\"font-size:clamp(14px, 0.875rem + ((1vw - 3.2px) * 0.392), 18px);\">Le tarif pour un ticket de garderie pour <strong>les habitants de La Longueville<\/strong> est de <strong>1\u20ac40<\/strong><\/li>\n<\/ul>\n\n\n\n<ul class=\"wp-block-list\">\n<li style=\"font-size:clamp(14px, 0.875rem + ((1vw - 3.2px) * 0.392), 18px);\">Pour les personnes <strong>n\u2019habitant pas<\/strong> \u00e0 La Longueville le ticket est de <strong>2\u20ac50<\/strong><\/li>\n<\/ul>\n\n\n\n<ul class=\"wp-block-list\">\n<li style=\"font-size:clamp(14px, 0.875rem + ((1vw - 3.2px) * 0.392), 18px);\">Un ticket est valable pour la garderie <strong>du matin<\/strong> et\/ou <strong>apr\u00e8s-midi<\/strong><\/li>\n<\/ul>\n\n\n\n<ul class=\"wp-block-list\">\n<li style=\"font-size:clamp(14px, 0.875rem + ((1vw - 3.2px) * 0.392), 18px);\">La gestion de la garderie se fait via le portail \u00ab <strong>gestion cantine<\/strong> \u00bb, les identifiants sont<br>donn\u00e9s lors de l\u2019inscription \u00e0 l\u2019\u00e9cole. Le r\u00e8glement s\u2019effectue sur r\u00e9ception d\u2019une facture.<\/li>\n<\/ul>\n\n\n\n<ul class=\"wp-block-list\">\n<li style=\"font-size:clamp(14px, 0.875rem + ((1vw - 3.2px) * 0.392), 18px);\">L&rsquo;accueil p\u00e9riscolaire ouvre \u00e0 <strong>7h30 le matin<\/strong> et ferme \u00e0 <strong>18h15 le soir<\/strong>.<\/li>\n<\/ul>\n\n\n\n<div style=\"height:15px\" aria-hidden=\"true\" class=\"wp-block-spacer\"><\/div>\n\n\n\n<div style=\"height:15px\" aria-hidden=\"true\" class=\"wp-block-spacer\"><\/div>\n","protected":false},"excerpt":{"rendered":"<p>Accueil P\u00e9riscolaire Pour obtenir plus d&rsquo;informations sur l&rsquo;accueil p\u00e9riscolaire, nous vous invitons \u00e0 prendre contact avec la maire : Mail : mairie.lalongueville@wanadoo.fr T\u00e9l\u00e9phone : 03 27 68 10 14 Tarifs et Horaires<\/p>\n","protected":false},"author":2,"featured_media":0,"parent":156,"menu_order":0,"comment_status":"closed","ping_status":"closed","template":"","meta":{"_uag_custom_page_level_css":"","footnotes":""},"class_list":["post-296","page","type-page","status-publish","hentry"],"uagb_featured_image_src":{"full":false,"thumbnail":false,"medium":false,"medium_large":false,"large":false,"1536x1536":false,"2048x2048":false},"uagb_author_info":{"display_name":"Mairie","author_link":"http:\/\/www.lalongueville.fr\/index.php\/author\/numerique\/"},"uagb_comment_info":0,"uagb_excerpt":"Accueil P\u00e9riscolaire Pour obtenir plus d&rsquo;informations sur l&rsquo;accueil p\u00e9riscolaire, nous vous invitons \u00e0 prendre contact avec la maire : Mail : mairie.lalongueville@wanadoo.fr T\u00e9l\u00e9phone : 03 27 68 10 14 Tarifs et Horaires","rttpg_featured_image_url":null,"rttpg_author":{"display_name":"Mairie","author_link":"http:\/\/www.lalongueville.fr\/index.php\/author\/numerique\/"},"rttpg_comment":0,"rttpg_category":null,"rttpg_excerpt":"Accueil P\u00e9riscolaire Pour obtenir plus d&rsquo;informations sur l&rsquo;accueil p\u00e9riscolaire, nous vous invitons \u00e0 prendre contact avec la maire : Mail : mairie.lalongueville@wanadoo.fr T\u00e9l\u00e9phone : 03 27 68 10 14 Tarifs et Horaires","_links":{"self":[{"href":"http:\/\/www.lalongueville.fr\/index.php\/wp-json\/wp\/v2\/pages\/296","targetHints":{"allow":["GET"]}}],"collection":[{"href":"http:\/\/www.lalongueville.fr\/index.php\/wp-json\/wp\/v2\/pages"}],"about":[{"href":"http:\/\/www.lalongueville.fr\/index.php\/wp-json\/wp\/v2\/types\/page"}],"author":[{"embeddable":true,"href":"http:\/\/www.lalongueville.fr\/index.php\/wp-json\/wp\/v2\/users\/2"}],"replies":[{"embeddable":true,"href":"http:\/\/www.lalongueville.fr\/index.php\/wp-json\/wp\/v2\/comments?post=296"}],"version-history":[{"count":12,"href":"http:\/\/www.lalongueville.fr\/index.php\/wp-json\/wp\/v2\/pages\/296\/revisions"}],"predecessor-version":[{"id":2604,"href":"http:\/\/www.lalongueville.fr\/index.php\/wp-json\/wp\/v2\/pages\/296\/revisions\/2604"}],"up":[{"embeddable":true,"href":"http:\/\/www.lalongueville.fr\/index.php\/wp-json\/wp\/v2\/pages\/156"}],"wp:attachment":[{"href":"http:\/\/www.lalongueville.fr\/index.php\/wp-json\/wp\/v2\/media?parent=296"}],"curies":[{"name":"wp","href":"https:\/\/api.w.org\/{rel}","templated":true}]}}