{"id":173,"date":"2021-05-10T08:40:34","date_gmt":"2021-05-10T06:40:34","guid":{"rendered":"http:\/\/lalonga.cluster030.hosting.ovh.net\/?page_id=173"},"modified":"2025-02-27T11:23:29","modified_gmt":"2025-02-27T10:23:29","slug":"tarifs-de-la-cantine","status":"publish","type":"page","link":"http:\/\/www.lalongueville.fr\/index.php\/education-et-jeunesse\/la-cantine\/tarifs-de-la-cantine\/","title":{"rendered":"Tarifs de la Cantine"},"content":{"rendered":"\n<div style=\"height:50px\" aria-hidden=\"true\" class=\"wp-block-spacer\"><\/div>\n\n\n\n<h2 class=\"wp-block-heading has-text-align-center has-neve-link-color-color has-text-color\">Tarifs<\/h2>\n\n\n\n<p class=\"has-text-align-center\" style=\"font-size:clamp(14px, 0.875rem + ((1vw - 3.2px) * 0.392), 18px);\">Le prix d&rsquo;un repas \u00e0 la cantine est de <strong>3,50\u20ac<\/strong><\/p>\n\n\n\n<p class=\"has-text-align-center\" style=\"font-size:clamp(14px, 0.875rem + ((1vw - 3.2px) * 0.392), 18px);\">La gestion de la Cantine se fait via le portail <strong>\u00ab\u00a0gestion cantine\u00a0\u00bb<\/strong>, les identifiants sont donn\u00e9s lors de l&rsquo;inscription \u00e0 l&rsquo;\u00e9cole.<\/p>\n\n\n\n<p class=\"has-text-align-center\" style=\"font-size:clamp(14px, 0.875rem + ((1vw - 3.2px) * 0.392), 18px);\">Le r\u00e8glement s\u2019effectue sur r\u00e9ception d\u2019une facture.<\/p>\n\n\n\n<figure class=\"wp-block-image aligncenter size-full is-resized is-style-default\"><img fetchpriority=\"high\" decoding=\"async\" width=\"1632\" height=\"1224\" src=\"http:\/\/www.lalongueville.fr\/wp-content\/uploads\/2021\/05\/cantine.jpg\" alt=\"\" class=\"wp-image-637\" style=\"width:447px;height:335px\" srcset=\"http:\/\/www.lalongueville.fr\/wp-content\/uploads\/2021\/05\/cantine.jpg 1632w, http:\/\/www.lalongueville.fr\/wp-content\/uploads\/2021\/05\/cantine-300x225.jpg 300w, http:\/\/www.lalongueville.fr\/wp-content\/uploads\/2021\/05\/cantine-1024x768.jpg 1024w, http:\/\/www.lalongueville.fr\/wp-content\/uploads\/2021\/05\/cantine-768x576.jpg 768w, http:\/\/www.lalongueville.fr\/wp-content\/uploads\/2021\/05\/cantine-1536x1152.jpg 1536w\" sizes=\"(max-width: 1632px) 100vw, 1632px\" \/><\/figure>\n\n\n\n<div style=\"height:15px\" aria-hidden=\"true\" class=\"wp-block-spacer\"><\/div>\n","protected":false},"excerpt":{"rendered":"<p>Tarifs Le prix d&rsquo;un repas \u00e0 la cantine est de 3,50\u20ac La gestion de la Cantine se fait via le portail \u00ab\u00a0gestion cantine\u00a0\u00bb, les identifiants sont donn\u00e9s lors de l&rsquo;inscription \u00e0 l&rsquo;\u00e9cole. Le r\u00e8glement s\u2019effectue sur r\u00e9ception d\u2019une facture.<\/p>\n","protected":false},"author":2,"featured_media":0,"parent":169,"menu_order":0,"comment_status":"closed","ping_status":"closed","template":"","meta":{"_uag_custom_page_level_css":"","footnotes":""},"class_list":["post-173","page","type-page","status-publish","hentry"],"uagb_featured_image_src":{"full":false,"thumbnail":false,"medium":false,"medium_large":false,"large":false,"1536x1536":false,"2048x2048":false},"uagb_author_info":{"display_name":"Mairie","author_link":"http:\/\/www.lalongueville.fr\/index.php\/author\/numerique\/"},"uagb_comment_info":0,"uagb_excerpt":"Tarifs Le prix d&rsquo;un repas \u00e0 la cantine est de 3,50\u20ac La gestion de la Cantine se fait via le portail \u00ab\u00a0gestion cantine\u00a0\u00bb, les identifiants sont donn\u00e9s lors de l&rsquo;inscription \u00e0 l&rsquo;\u00e9cole. Le r\u00e8glement s\u2019effectue sur r\u00e9ception d\u2019une facture.","rttpg_featured_image_url":null,"rttpg_author":{"display_name":"Mairie","author_link":"http:\/\/www.lalongueville.fr\/index.php\/author\/numerique\/"},"rttpg_comment":0,"rttpg_category":null,"rttpg_excerpt":"Tarifs Le prix d&rsquo;un repas \u00e0 la cantine est de 3,50\u20ac La gestion de la Cantine se fait via le portail \u00ab\u00a0gestion cantine\u00a0\u00bb, les identifiants sont donn\u00e9s lors de l&rsquo;inscription \u00e0 l&rsquo;\u00e9cole. Le r\u00e8glement s\u2019effectue sur r\u00e9ception d\u2019une facture.","_links":{"self":[{"href":"http:\/\/www.lalongueville.fr\/index.php\/wp-json\/wp\/v2\/pages\/173","targetHints":{"allow":["GET"]}}],"collection":[{"href":"http:\/\/www.lalongueville.fr\/index.php\/wp-json\/wp\/v2\/pages"}],"about":[{"href":"http:\/\/www.lalongueville.fr\/index.php\/wp-json\/wp\/v2\/types\/page"}],"author":[{"embeddable":true,"href":"http:\/\/www.lalongueville.fr\/index.php\/wp-json\/wp\/v2\/users\/2"}],"replies":[{"embeddable":true,"href":"http:\/\/www.lalongueville.fr\/index.php\/wp-json\/wp\/v2\/comments?post=173"}],"version-history":[{"count":12,"href":"http:\/\/www.lalongueville.fr\/index.php\/wp-json\/wp\/v2\/pages\/173\/revisions"}],"predecessor-version":[{"id":2603,"href":"http:\/\/www.lalongueville.fr\/index.php\/wp-json\/wp\/v2\/pages\/173\/revisions\/2603"}],"up":[{"embeddable":true,"href":"http:\/\/www.lalongueville.fr\/index.php\/wp-json\/wp\/v2\/pages\/169"}],"wp:attachment":[{"href":"http:\/\/www.lalongueville.fr\/index.php\/wp-json\/wp\/v2\/media?parent=173"}],"curies":[{"name":"wp","href":"https:\/\/api.w.org\/{rel}","templated":true}]}}