{"id":163,"date":"2021-05-10T08:29:02","date_gmt":"2021-05-10T06:29:02","guid":{"rendered":"http:\/\/lalonga.cluster030.hosting.ovh.net\/?page_id=163"},"modified":"2023-05-17T13:27:11","modified_gmt":"2023-05-17T11:27:11","slug":"inscriptions-a-lecole","status":"publish","type":"page","link":"http:\/\/www.lalongueville.fr\/index.php\/education-et-jeunesse\/lecole\/inscriptions-a-lecole\/","title":{"rendered":"Inscriptions \u00e0 l&rsquo;\u00c9cole"},"content":{"rendered":"\n<div style=\"height:50px\" aria-hidden=\"true\" class=\"wp-block-spacer\"><\/div>\n\n\n\n<h2 class=\"wp-block-heading has-text-align-center has-neve-link-color-color has-text-color\">Inscriptions \u00e0 l&rsquo;\u00c9cole<\/h2>\n\n\n\n<div style=\"height:15px\" aria-hidden=\"true\" class=\"wp-block-spacer\"><\/div>\n\n\n\n<p style=\"font-size:clamp(14px, 0.875rem + ((1vw - 3.2px) * 0.392), 18px);\">Pour les inscriptions \u00e0 l&rsquo;\u00e9cole Jacques Pr\u00e9vert il vous faudra le dossier d&rsquo;inscription, pour l&rsquo;avoir 3 possibilit\u00e9s sont disponibles : <\/p>\n\n\n\n<ul class=\"wp-block-list\">\n<li style=\"font-size:clamp(14px, 0.875rem + ((1vw - 3.2px) * 0.392), 18px);\">Contacter la mairie par mail : mairie.lalongueville@wanadoo.fr<\/li>\n\n\n\n<li style=\"font-size:clamp(14px, 0.875rem + ((1vw - 3.2px) * 0.392), 18px);\">Venir en mairie directement.<\/li>\n\n\n\n<li style=\"font-size:clamp(14px, 0.875rem + ((1vw - 3.2px) * 0.392), 18px);\">T\u00e9l\u00e9charger le document ci-dessous, l&rsquo;imprimer, le remplir et le rapporter en mairie : <\/li>\n<\/ul>\n\n\n\n<div class=\"wp-block-file\"><a id=\"wp-block-file--media-2882ec4b-c1c5-43a7-af96-42c6c426ce1c\" href=\"http:\/\/www.lalongueville.fr\/wp-content\/uploads\/2021\/05\/demande-inscription-ecole.pdf\">Demande-inscription-\u00e9cole<\/a><\/div>\n\n\n\n<p><\/p>\n\n\n\n<div style=\"height:15px\" aria-hidden=\"true\" class=\"wp-block-spacer\"><\/div>\n","protected":false},"excerpt":{"rendered":"<p>Inscriptions \u00e0 l&rsquo;\u00c9cole Pour les inscriptions \u00e0 l&rsquo;\u00e9cole Jacques Pr\u00e9vert il vous faudra le dossier d&rsquo;inscription, pour l&rsquo;avoir 3 possibilit\u00e9s sont disponibles :<\/p>\n","protected":false},"author":2,"featured_media":0,"parent":159,"menu_order":0,"comment_status":"closed","ping_status":"closed","template":"","meta":{"_uag_custom_page_level_css":"","footnotes":""},"class_list":["post-163","page","type-page","status-publish","hentry"],"uagb_featured_image_src":{"full":false,"thumbnail":false,"medium":false,"medium_large":false,"large":false,"1536x1536":false,"2048x2048":false},"uagb_author_info":{"display_name":"Mairie","author_link":"http:\/\/www.lalongueville.fr\/index.php\/author\/numerique\/"},"uagb_comment_info":0,"uagb_excerpt":"Inscriptions \u00e0 l&rsquo;\u00c9cole Pour les inscriptions \u00e0 l&rsquo;\u00e9cole Jacques Pr\u00e9vert il vous faudra le dossier d&rsquo;inscription, pour l&rsquo;avoir 3 possibilit\u00e9s sont disponibles :","rttpg_featured_image_url":null,"rttpg_author":{"display_name":"Mairie","author_link":"http:\/\/www.lalongueville.fr\/index.php\/author\/numerique\/"},"rttpg_comment":0,"rttpg_category":null,"rttpg_excerpt":"Inscriptions \u00e0 l&rsquo;\u00c9cole Pour les inscriptions \u00e0 l&rsquo;\u00e9cole Jacques Pr\u00e9vert il vous faudra le dossier d&rsquo;inscription, pour l&rsquo;avoir 3 possibilit\u00e9s sont disponibles :","_links":{"self":[{"href":"http:\/\/www.lalongueville.fr\/index.php\/wp-json\/wp\/v2\/pages\/163","targetHints":{"allow":["GET"]}}],"collection":[{"href":"http:\/\/www.lalongueville.fr\/index.php\/wp-json\/wp\/v2\/pages"}],"about":[{"href":"http:\/\/www.lalongueville.fr\/index.php\/wp-json\/wp\/v2\/types\/page"}],"author":[{"embeddable":true,"href":"http:\/\/www.lalongueville.fr\/index.php\/wp-json\/wp\/v2\/users\/2"}],"replies":[{"embeddable":true,"href":"http:\/\/www.lalongueville.fr\/index.php\/wp-json\/wp\/v2\/comments?post=163"}],"version-history":[{"count":8,"href":"http:\/\/www.lalongueville.fr\/index.php\/wp-json\/wp\/v2\/pages\/163\/revisions"}],"predecessor-version":[{"id":2137,"href":"http:\/\/www.lalongueville.fr\/index.php\/wp-json\/wp\/v2\/pages\/163\/revisions\/2137"}],"up":[{"embeddable":true,"href":"http:\/\/www.lalongueville.fr\/index.php\/wp-json\/wp\/v2\/pages\/159"}],"wp:attachment":[{"href":"http:\/\/www.lalongueville.fr\/index.php\/wp-json\/wp\/v2\/media?parent=163"}],"curies":[{"name":"wp","href":"https:\/\/api.w.org\/{rel}","templated":true}]}}