{"id":137,"date":"2021-05-07T09:12:37","date_gmt":"2021-05-07T07:12:37","guid":{"rendered":"http:\/\/lalonga.cluster030.hosting.ovh.net\/?page_id=137"},"modified":"2023-05-30T14:53:56","modified_gmt":"2023-05-30T12:53:56","slug":"comment-ca-marche","status":"publish","type":"page","link":"http:\/\/www.lalongueville.fr\/index.php\/demarches-administratives\/recensement-militaire\/comment-ca-marche\/","title":{"rendered":"Comment \u00e7a marche ?"},"content":{"rendered":"\n<div style=\"height:50px\" aria-hidden=\"true\" class=\"wp-block-spacer\"><\/div>\n\n\n\n<h2 class=\"wp-block-heading has-text-align-center has-neve-link-color-color has-text-color\">Recensement Militaire &#8211; Comment \u00e7a marche ?<\/h2>\n\n\n\n<div style=\"height:15px\" aria-hidden=\"true\" class=\"wp-block-spacer\"><\/div>\n\n\n\n<ul class=\"wp-block-list\" style=\"font-size:clamp(14px, 0.875rem + ((1vw - 3.2px) * 0.392), 18px);\">\n<li>Le recensement est obligatoire ! <\/li>\n\n\n\n<li>Doit \u00eatre fait entre 16 et 25 ans id\u00e9alement le mois des 16 ans.<\/li>\n\n\n\n<li>Se pr\u00e9senter en Mairie avec une pi\u00e8ce d\u2019identit\u00e9 et votre livret de famille.<\/li>\n\n\n\n<li>Apr\u00e8s avoir \u00e9t\u00e9 recens\u00e9, une attestation de recensement est d\u00e9livr\u00e9e.<\/li>\n\n\n\n<li>Des Informations sur la Journ\u00e9e D\u00e9fense et Citoyennet\u00e9 seront donn\u00e9es.<\/li>\n<\/ul>\n\n\n\n<div style=\"height:15px\" aria-hidden=\"true\" class=\"wp-block-spacer\"><\/div>\n\n\n\n<p style=\"font-size:clamp(14px, 0.875rem + ((1vw - 3.2px) * 0.392), 18px);\">Pour plus de renseignement sur le Service National Universel (SNU), vous pouvez visiter cette page : <a href=\"https:\/\/www.snu.gouv.fr\/\">https:\/\/www.snu.gouv.fr\/<\/a><\/p>\n\n\n\n<p style=\"font-size:clamp(14px, 0.875rem + ((1vw - 3.2px) * 0.392), 18px);\">Pour plus de renseignements sur le recensement militaire, vous pouvez visiter cette page : <a href=\"https:\/\/www.defense.gouv.fr\/sga\/au-service-nation-du-public\/jeunesse\/devenir-citoyen\/recensement#:~:text=Depuis%20Janvier%201999%2C%20tous%20les,qui%20suivent%20votre%2016%C3%A8me%20anniversaire.\">Recensement Militaire<\/a><\/p>\n\n\n\n<div style=\"height:15px\" aria-hidden=\"true\" class=\"wp-block-spacer\"><\/div>\n","protected":false},"excerpt":{"rendered":"<p>Recensement Militaire &#8211; Comment \u00e7a marche ? Pour plus de renseignement sur le Service National Universel (SNU), vous pouvez visiter cette page : https:\/\/www.snu.gouv.fr\/ Pour plus de renseignements sur le recensement militaire, vous pouvez visiter cette page : Recensement Militaire<\/p>\n","protected":false},"author":2,"featured_media":0,"parent":135,"menu_order":0,"comment_status":"closed","ping_status":"closed","template":"","meta":{"_uag_custom_page_level_css":"","footnotes":""},"class_list":["post-137","page","type-page","status-publish","hentry"],"uagb_featured_image_src":{"full":false,"thumbnail":false,"medium":false,"medium_large":false,"large":false,"1536x1536":false,"2048x2048":false},"uagb_author_info":{"display_name":"Mairie","author_link":"http:\/\/www.lalongueville.fr\/index.php\/author\/numerique\/"},"uagb_comment_info":0,"uagb_excerpt":"Recensement Militaire &#8211; Comment \u00e7a marche ? Pour plus de renseignement sur le Service National Universel (SNU), vous pouvez visiter cette page : https:\/\/www.snu.gouv.fr\/ Pour plus de renseignements sur le recensement militaire, vous pouvez visiter cette page : Recensement Militaire","rttpg_featured_image_url":null,"rttpg_author":{"display_name":"Mairie","author_link":"http:\/\/www.lalongueville.fr\/index.php\/author\/numerique\/"},"rttpg_comment":0,"rttpg_category":null,"rttpg_excerpt":"Recensement Militaire &#8211; Comment \u00e7a marche ? Pour plus de renseignement sur le Service National Universel (SNU), vous pouvez visiter cette page : https:\/\/www.snu.gouv.fr\/ Pour plus de renseignements sur le recensement militaire, vous pouvez visiter cette page : Recensement Militaire","_links":{"self":[{"href":"http:\/\/www.lalongueville.fr\/index.php\/wp-json\/wp\/v2\/pages\/137","targetHints":{"allow":["GET"]}}],"collection":[{"href":"http:\/\/www.lalongueville.fr\/index.php\/wp-json\/wp\/v2\/pages"}],"about":[{"href":"http:\/\/www.lalongueville.fr\/index.php\/wp-json\/wp\/v2\/types\/page"}],"author":[{"embeddable":true,"href":"http:\/\/www.lalongueville.fr\/index.php\/wp-json\/wp\/v2\/users\/2"}],"replies":[{"embeddable":true,"href":"http:\/\/www.lalongueville.fr\/index.php\/wp-json\/wp\/v2\/comments?post=137"}],"version-history":[{"count":10,"href":"http:\/\/www.lalongueville.fr\/index.php\/wp-json\/wp\/v2\/pages\/137\/revisions"}],"predecessor-version":[{"id":2320,"href":"http:\/\/www.lalongueville.fr\/index.php\/wp-json\/wp\/v2\/pages\/137\/revisions\/2320"}],"up":[{"embeddable":true,"href":"http:\/\/www.lalongueville.fr\/index.php\/wp-json\/wp\/v2\/pages\/135"}],"wp:attachment":[{"href":"http:\/\/www.lalongueville.fr\/index.php\/wp-json\/wp\/v2\/media?parent=137"}],"curies":[{"name":"wp","href":"https:\/\/api.w.org\/{rel}","templated":true}]}}