{"id":127,"date":"2021-05-07T09:09:12","date_gmt":"2021-05-07T07:09:12","guid":{"rendered":"http:\/\/lalonga.cluster030.hosting.ovh.net\/?page_id=127"},"modified":"2023-05-17T13:17:16","modified_gmt":"2023-05-17T11:17:16","slug":"pacs","status":"publish","type":"page","link":"http:\/\/www.lalongueville.fr\/index.php\/demarches-administratives\/mariage-et-pacs\/pacs\/","title":{"rendered":"PACS"},"content":{"rendered":"\n<div style=\"height:50px\" aria-hidden=\"true\" class=\"wp-block-spacer\"><\/div>\n\n\n\n<h2 class=\"wp-block-heading has-text-align-center has-neve-link-color-color has-text-color\">PACS (Pacte Civil de Solidarit\u00e9)<\/h2>\n\n\n\n<div style=\"height:15px\" aria-hidden=\"true\" class=\"wp-block-spacer\"><\/div>\n\n\n\n<p style=\"font-size:clamp(14px, 0.875rem + ((1vw - 3.2px) * 0.392), 18px);\">Pour le PACS vous pouvez :<\/p>\n\n\n\n<ul class=\"wp-block-list\">\n<li style=\"font-size:clamp(14px, 0.875rem + ((1vw - 3.2px) * 0.392), 18px);\">Venir chercher et retourner le dossier en mairie<\/li>\n\n\n\n<li style=\"font-size:clamp(14px, 0.875rem + ((1vw - 3.2px) * 0.392), 18px);\">R\u00e9cup\u00e9rer le dossier en Ligne \u00e0 rendre en Mairie :\n<ul class=\"wp-block-list\">\n<li>D\u00e9claration de PACS : <a href=\"https:\/\/www.service-public.fr\/particuliers\/vosdroits\/R48756\">https:\/\/www.service-public.fr\/particuliers\/vosdroits\/R48756<\/a><\/li>\n\n\n\n<li>Convention de PACS : <a href=\" https:\/\/www.service-public.fr\/particuliers\/vosdroits\/R48755\">https:\/\/www.service-public.fr\/particuliers\/vosdroits\/R48755<\/a><\/li>\n<\/ul>\n<\/li>\n<\/ul>\n\n\n\n<p style=\"font-size:clamp(14px, 0.875rem + ((1vw - 3.2px) * 0.392), 18px);\">Puis prendre un rendez-vous pour fixer la date de votre PACS<\/p>\n\n\n\n<p> <\/p>\n\n\n\n<p style=\"font-size:clamp(14px, 0.875rem + ((1vw - 3.2px) * 0.392), 18px);\">Pour plus d&rsquo;information veuillez contacter la Mairie :<\/p>\n\n\n\n<ul class=\"wp-block-list\">\n<li style=\"font-size:clamp(14px, 0.875rem + ((1vw - 3.2px) * 0.392), 18px);\">Mail : mairie.lalongueville@wanadoo.fr<\/li>\n\n\n\n<li style=\"font-size:clamp(14px, 0.875rem + ((1vw - 3.2px) * 0.392), 18px);\">T\u00e9l\u00e9phone : 03 27 68 10 14<\/li>\n<\/ul>\n","protected":false},"excerpt":{"rendered":"<p>PACS (Pacte Civil de Solidarit\u00e9) Pour le PACS vous pouvez : Puis prendre un rendez-vous pour fixer la date de votre PACS Pour plus d&rsquo;information veuillez contacter la Mairie :<\/p>\n","protected":false},"author":2,"featured_media":0,"parent":123,"menu_order":0,"comment_status":"closed","ping_status":"closed","template":"","meta":{"_uag_custom_page_level_css":"","footnotes":""},"class_list":["post-127","page","type-page","status-publish","hentry"],"uagb_featured_image_src":{"full":false,"thumbnail":false,"medium":false,"medium_large":false,"large":false,"1536x1536":false,"2048x2048":false},"uagb_author_info":{"display_name":"Mairie","author_link":"http:\/\/www.lalongueville.fr\/index.php\/author\/numerique\/"},"uagb_comment_info":0,"uagb_excerpt":"PACS (Pacte Civil de Solidarit\u00e9) Pour le PACS vous pouvez : Puis prendre un rendez-vous pour fixer la date de votre PACS Pour plus d&rsquo;information veuillez contacter la Mairie :","rttpg_featured_image_url":null,"rttpg_author":{"display_name":"Mairie","author_link":"http:\/\/www.lalongueville.fr\/index.php\/author\/numerique\/"},"rttpg_comment":0,"rttpg_category":null,"rttpg_excerpt":"PACS (Pacte Civil de Solidarit\u00e9) Pour le PACS vous pouvez : Puis prendre un rendez-vous pour fixer la date de votre PACS Pour plus d&rsquo;information veuillez contacter la Mairie :","_links":{"self":[{"href":"http:\/\/www.lalongueville.fr\/index.php\/wp-json\/wp\/v2\/pages\/127","targetHints":{"allow":["GET"]}}],"collection":[{"href":"http:\/\/www.lalongueville.fr\/index.php\/wp-json\/wp\/v2\/pages"}],"about":[{"href":"http:\/\/www.lalongueville.fr\/index.php\/wp-json\/wp\/v2\/types\/page"}],"author":[{"embeddable":true,"href":"http:\/\/www.lalongueville.fr\/index.php\/wp-json\/wp\/v2\/users\/2"}],"replies":[{"embeddable":true,"href":"http:\/\/www.lalongueville.fr\/index.php\/wp-json\/wp\/v2\/comments?post=127"}],"version-history":[{"count":4,"href":"http:\/\/www.lalongueville.fr\/index.php\/wp-json\/wp\/v2\/pages\/127\/revisions"}],"predecessor-version":[{"id":2069,"href":"http:\/\/www.lalongueville.fr\/index.php\/wp-json\/wp\/v2\/pages\/127\/revisions\/2069"}],"up":[{"embeddable":true,"href":"http:\/\/www.lalongueville.fr\/index.php\/wp-json\/wp\/v2\/pages\/123"}],"wp:attachment":[{"href":"http:\/\/www.lalongueville.fr\/index.php\/wp-json\/wp\/v2\/media?parent=127"}],"curies":[{"name":"wp","href":"https:\/\/api.w.org\/{rel}","templated":true}]}}